{"id":4176,"date":"2022-12-13T04:41:41","date_gmt":"2022-12-13T01:41:41","guid":{"rendered":"https:\/\/www.marchlogistics.com.tr\/biz-haqimizda\/"},"modified":"2025-03-15T03:01:18","modified_gmt":"2025-03-15T00:01:18","slug":"biz-haqimizda","status":"publish","type":"page","link":"https:\/\/www.marchlogistics.com.tr\/uz\/biz-haqimizda\/","title":{"rendered":"Biz haqimizda"},"content":{"rendered":"\n<div class=\"wp-block-uagb-container uag-blocks-common-selector uagb-block-e53c8b61 alignfull uagb-is-root-container\"><div class=\"uagb-container-inner-blocks-wrap\">\n<div class=\"wp-block-uagb-container uagb-block-b368ee46\">\n<div class=\"wp-block-uagb-info-box uagb-block-096d4676 uagb-infobox__content-wrap  uagb-infobox-icon-above-title uagb-infobox-image-valign-top\"><div class=\"uagb-ifb-content\"><div class=\"uagb-ifb-title-wrap\"><h2 class=\"uagb-ifb-title\">Maqsadlaringizga erishing, masofalarga qarshi turing<\/h2><\/div><div class=\"uagb-ifb-separator\"><\/div><p class=\"uagb-ifb-desc\"><strong>Mart Lojisti\u011fi biz o&#8217;zimizni jamoangiz muvaffaqiyatiga bag&#8217;ishlangan jamoa a&#8217;zosi sifatida ko&#8217;ramiz. Yuk tashish ve lojisti\u011fi tajribangizni kanday inqilob qilish mumkinligini kashf qilish uchun bugun biz bilan bog&#8217;laning.<\/strong><\/p><\/div><\/div>\n<\/div>\n<\/div><\/div>\n\n<div class=\"wp-block-uagb-container uag-blocks-common-selector uagb-block-7c1ceebf alignfull uagb-is-root-container\"><div class=\"uagb-container-inner-blocks-wrap\"><\/div><\/div>\n\n<div class=\"wp-block-uagb-container uagb-block-18efbbfe alignfull uagb-is-root-container\"><div class=\"uagb-container-inner-blocks-wrap\">\n<div class=\"wp-block-uagb-container uagb-block-7f0250ea\">\n<div class=\"wp-block-uagb-container uagb-block-1c250731\">\n<div class=\"wp-block-uagb-info-box uagb-block-8260758e uagb-infobox__content-wrap  uagb-infobox-icon-above-title uagb-infobox-image-valign-top\"><div class=\"uagb-ifb-content\"><div class=\"uagb-ifb-title-wrap\"><h3 class=\"uagb-ifb-title\">March Logistics haqida<\/h3><\/div><div class=\"uagb-ifb-separator\"><\/div><p class=\"uagb-ifb-desc\">Yuk tashish ve lojistik yechimlarida ishonchli hamkoringiz March Logistics&#8217;ga xush kelibsiz. Mukammallikka intilish va ishonchlilikka bo\u2018lgan sadoqatimiz bilan, ta\u2019minot zanjiringizni soddalashtirishga va mahsulotlaringizni xavfsiz va samarali tarzda manzilga yetkazishga o\u2018zimizni bag\u2018ishlaganmiz.<br\/><br\/>Mart Lojisti\u011fi sifatida har bir yuk jo&#8217;natmasining o&#8217;ziga xosligini tushunamiz, shuning uchun xizmatlarimizi sizning maxsus ehtiyojlaringizga moslashtiramiz. Mahsulotingizni mahalliy, mintaqaviy yoki global miqyosda tashiyotgan bo&#8217;lsangiz jambon, yukingizning muammosiz sayohatini ta&#8217;minlash uchun bizda tajriba, resurslar ve tarmoq mavjud.<br\/><br\/><strong>Nega Mart Lojisti\u011fi&#8217;ni tanlashingiz kerak:<\/strong><br\/><strong>Tajribali jamoa: <\/strong>Malakali mutaxassis&#8217;lerimiz ko&#8217;p y\u0131llik tajribaga ega bo&#8217;lib, lojisti\u011fin ehtiyojlaringizni aniqlik ve e&#8217;tibor bilan boshqarishni ta&#8217;minlaydi.<br\/><br\/><strong>Global Tarmoq: <\/strong>Keng hamkorlar ve tashuvchilar tarmog&#8217;i bilan dunyoning istalgan nuqtasiga har qanday hajmdagi yukni yetkazish imkoniyatiga egamiz.<br\/><br\/><strong>Moslashuvchanlik:<\/strong> Biz biznes ehtiyojlarining tez o&#8217;zgarishi mumkinli\u011fini tushunam\u0131z. Moslashuvchanligimiz ta&#8217;minot zanjiringizni chaqqon saqlashga yordam berib, rivojlanayotgan talablaringizga moslashishimizga imkon beradi.<br\/><br\/><strong>Ekolojik mas&#8217;uliyat:<\/strong> Atrof-muhit himoyachisi sifatida biz barqaror amaliyotlarga sodiqmiz. Uglerod izimizni minimal darajaga tushirish ve ilojistik ekolojik toza ta\u015f\u0131ma varyantlar\u0131n\u0131 taklif qilish ustida ishlaymiz.<\/p><\/div><\/div>\n<\/div>\n<\/div>\n<\/div><\/div>\n","protected":false},"excerpt":{"rendered":"","protected":false},"author":1,"featured_media":0,"parent":0,"menu_order":0,"comment_status":"closed","ping_status":"closed","template":"","meta":{"_uag_custom_page_level_css":"","site-sidebar-layout":"default","site-content-layout":"page-builder","ast-global-header-display":"","ast-banner-title-visibility":"","ast-main-header-display":"","ast-hfb-above-header-display":"","ast-hfb-below-header-display":"","ast-hfb-mobile-header-display":"","site-post-title":"disabled","ast-breadcrumbs-content":"","ast-featured-img":"","footer-sml-layout":"","theme-transparent-header-meta":"enabled","adv-header-id-meta":"","stick-header-meta":"","header-above-stick-meta":"","header-main-stick-meta":"","header-below-stick-meta":"","footnotes":""},"yoast_head":"<!-- This site is optimized with the Yoast SEO plugin v22.7 - https:\/\/yoast.com\/wordpress\/plugins\/seo\/ -->\n<title>Biz haqimizda - March Logistics T\u00fcrkiye<\/title>\n<meta name=\"description\" content=\"Yuk tashish ve lojistik yechimlarida ishonchli hamkoringiz March Logistics&#039;ga xush kelibsiz. Mukammallikka intilish va ishonchlilikka bo&#039;lgan sadoqat...\" \/>\n<meta name=\"robots\" content=\"index, follow, max-snippet:-1, max-image-preview:large, max-video-preview:-1\" \/>\n<link rel=\"canonical\" href=\"https:\/\/www.marchlogistics.com.tr\/uz\/biz-haqimizda\/\" \/>\n<meta property=\"og:locale\" content=\"uz_UZ\" \/>\n<meta property=\"og:type\" content=\"article\" \/>\n<meta property=\"og:title\" content=\"Biz haqimizda - March Logistics T\u00fcrkiye\" \/>\n<meta property=\"og:description\" content=\"Yuk tashish ve lojistik yechimlarida ishonchli hamkoringiz March Logistics&#039;ga xush kelibsiz. Mukammallikka intilish va ishonchlilikka bo&#039;lgan sadoqat...\" \/>\n<meta property=\"og:url\" content=\"https:\/\/www.marchlogistics.com.tr\/uz\/biz-haqimizda\/\" \/>\n<meta property=\"og:site_name\" content=\"March Logistics T\u00fcrkiye\" \/>\n<meta property=\"article:publisher\" content=\"https:\/\/www.facebook.com\/marchlogisticstr\/\" \/>\n<meta property=\"article:modified_time\" content=\"2025-03-15T00:01:18+00:00\" \/>\n<meta name=\"twitter:card\" content=\"summary_large_image\" \/>\n<meta name=\"twitter:site\" content=\"@marchlogistics\" \/>\n<meta name=\"twitter:label1\" content=\"Est. reading time\" \/>\n\t<meta name=\"twitter:data1\" content=\"1 daqiqa\" \/>\n<script type=\"application\/ld+json\" class=\"yoast-schema-graph\">{\"@context\":\"https:\/\/schema.org\",\"@graph\":[{\"@type\":\"WebPage\",\"@id\":\"https:\/\/www.marchlogistics.com.tr\/uz\/biz-haqimizda\/\",\"url\":\"https:\/\/www.marchlogistics.com.tr\/uz\/biz-haqimizda\/\",\"name\":\"Biz haqimizda - March Logistics T\u00fcrkiye\",\"isPartOf\":{\"@id\":\"https:\/\/www.marchlogistics.com.tr\/uz\/#website\"},\"datePublished\":\"2022-12-13T01:41:41+00:00\",\"dateModified\":\"2025-03-15T00:01:18+00:00\",\"description\":\"Yuk tashish ve lojistik yechimlarida ishonchli hamkoringiz March Logistics'ga xush kelibsiz. Mukammallikka intilish va ishonchlilikka bo'lgan sadoqat...\",\"breadcrumb\":{\"@id\":\"https:\/\/www.marchlogistics.com.tr\/uz\/biz-haqimizda\/#breadcrumb\"},\"inLanguage\":\"uz-UZ\",\"potentialAction\":[{\"@type\":\"ReadAction\",\"target\":[\"https:\/\/www.marchlogistics.com.tr\/uz\/biz-haqimizda\/\"]}]},{\"@type\":\"BreadcrumbList\",\"@id\":\"https:\/\/www.marchlogistics.com.tr\/uz\/biz-haqimizda\/#breadcrumb\",\"itemListElement\":[{\"@type\":\"ListItem\",\"position\":1,\"name\":\"Anasayfa\",\"item\":\"https:\/\/www.marchlogistics.com.tr\/uz\/\"},{\"@type\":\"ListItem\",\"position\":2,\"name\":\"Biz haqimizda\"}]},{\"@type\":\"WebSite\",\"@id\":\"https:\/\/www.marchlogistics.com.tr\/uz\/#website\",\"url\":\"https:\/\/www.marchlogistics.com.tr\/uz\/\",\"name\":\"MARCH Logistics T\u00fcrkiye\",\"description\":\"\",\"publisher\":{\"@id\":\"https:\/\/www.marchlogistics.com.tr\/uz\/#organization\"},\"alternateName\":\"March Logistics\",\"potentialAction\":[{\"@type\":\"SearchAction\",\"target\":{\"@type\":\"EntryPoint\",\"urlTemplate\":\"https:\/\/www.marchlogistics.com.tr\/uz\/?s={search_term_string}\"},\"query-input\":\"required name=search_term_string\"}],\"inLanguage\":\"uz-UZ\"},{\"@type\":\"Organization\",\"@id\":\"https:\/\/www.marchlogistics.com.tr\/uz\/#organization\",\"name\":\"MARCH Logistics T\u00fcrkiye\",\"url\":\"https:\/\/www.marchlogistics.com.tr\/uz\/\",\"logo\":{\"@type\":\"ImageObject\",\"inLanguage\":\"uz-UZ\",\"@id\":\"https:\/\/www.marchlogistics.com.tr\/uz\/#\/schema\/logo\/image\/\",\"url\":\"https:\/\/www.marchlogistics.com.tr\/wp-content\/uploads\/2023\/08\/logo.png\",\"contentUrl\":\"https:\/\/www.marchlogistics.com.tr\/wp-content\/uploads\/2023\/08\/logo.png\",\"width\":220,\"height\":91,\"caption\":\"MARCH Logistics T\u00fcrkiye\"},\"image\":{\"@id\":\"https:\/\/www.marchlogistics.com.tr\/uz\/#\/schema\/logo\/image\/\"},\"sameAs\":[\"https:\/\/www.facebook.com\/marchlogisticstr\/\",\"https:\/\/x.com\/marchlogistics\",\"https:\/\/www.instagram.com\/marchlogisticstr\",\"https:\/\/www.linkedin.com\/company\/marchlogisticstr\"]}]}<\/script>\n<!-- \/ Yoast SEO plugin. -->","yoast_head_json":{"title":"Biz haqimizda - March Logistics T\u00fcrkiye","description":"Yuk tashish ve lojistik yechimlarida ishonchli hamkoringiz March Logistics'ga xush kelibsiz. Mukammallikka intilish va ishonchlilikka bo'lgan sadoqat...","robots":{"index":"index","follow":"follow","max-snippet":"max-snippet:-1","max-image-preview":"max-image-preview:large","max-video-preview":"max-video-preview:-1"},"canonical":"https:\/\/www.marchlogistics.com.tr\/uz\/biz-haqimizda\/","og_locale":"uz_UZ","og_type":"article","og_title":"Biz haqimizda - March Logistics T\u00fcrkiye","og_description":"Yuk tashish ve lojistik yechimlarida ishonchli hamkoringiz March Logistics'ga xush kelibsiz. Mukammallikka intilish va ishonchlilikka bo'lgan sadoqat...","og_url":"https:\/\/www.marchlogistics.com.tr\/uz\/biz-haqimizda\/","og_site_name":"March Logistics T\u00fcrkiye","article_publisher":"https:\/\/www.facebook.com\/marchlogisticstr\/","article_modified_time":"2025-03-15T00:01:18+00:00","twitter_card":"summary_large_image","twitter_site":"@marchlogistics","twitter_misc":{"Est. reading time":"1 daqiqa"},"schema":{"@context":"https:\/\/schema.org","@graph":[{"@type":"WebPage","@id":"https:\/\/www.marchlogistics.com.tr\/uz\/biz-haqimizda\/","url":"https:\/\/www.marchlogistics.com.tr\/uz\/biz-haqimizda\/","name":"Biz haqimizda - March Logistics T\u00fcrkiye","isPartOf":{"@id":"https:\/\/www.marchlogistics.com.tr\/uz\/#website"},"datePublished":"2022-12-13T01:41:41+00:00","dateModified":"2025-03-15T00:01:18+00:00","description":"Yuk tashish ve lojistik yechimlarida ishonchli hamkoringiz March Logistics'ga xush kelibsiz. Mukammallikka intilish va ishonchlilikka bo'lgan sadoqat...","breadcrumb":{"@id":"https:\/\/www.marchlogistics.com.tr\/uz\/biz-haqimizda\/#breadcrumb"},"inLanguage":"uz-UZ","potentialAction":[{"@type":"ReadAction","target":["https:\/\/www.marchlogistics.com.tr\/uz\/biz-haqimizda\/"]}]},{"@type":"BreadcrumbList","@id":"https:\/\/www.marchlogistics.com.tr\/uz\/biz-haqimizda\/#breadcrumb","itemListElement":[{"@type":"ListItem","position":1,"name":"Anasayfa","item":"https:\/\/www.marchlogistics.com.tr\/uz\/"},{"@type":"ListItem","position":2,"name":"Biz haqimizda"}]},{"@type":"WebSite","@id":"https:\/\/www.marchlogistics.com.tr\/uz\/#website","url":"https:\/\/www.marchlogistics.com.tr\/uz\/","name":"MARCH Logistics T\u00fcrkiye","description":"","publisher":{"@id":"https:\/\/www.marchlogistics.com.tr\/uz\/#organization"},"alternateName":"March Logistics","potentialAction":[{"@type":"SearchAction","target":{"@type":"EntryPoint","urlTemplate":"https:\/\/www.marchlogistics.com.tr\/uz\/?s={search_term_string}"},"query-input":"required name=search_term_string"}],"inLanguage":"uz-UZ"},{"@type":"Organization","@id":"https:\/\/www.marchlogistics.com.tr\/uz\/#organization","name":"MARCH Logistics T\u00fcrkiye","url":"https:\/\/www.marchlogistics.com.tr\/uz\/","logo":{"@type":"ImageObject","inLanguage":"uz-UZ","@id":"https:\/\/www.marchlogistics.com.tr\/uz\/#\/schema\/logo\/image\/","url":"https:\/\/www.marchlogistics.com.tr\/wp-content\/uploads\/2023\/08\/logo.png","contentUrl":"https:\/\/www.marchlogistics.com.tr\/wp-content\/uploads\/2023\/08\/logo.png","width":220,"height":91,"caption":"MARCH Logistics T\u00fcrkiye"},"image":{"@id":"https:\/\/www.marchlogistics.com.tr\/uz\/#\/schema\/logo\/image\/"},"sameAs":["https:\/\/www.facebook.com\/marchlogisticstr\/","https:\/\/x.com\/marchlogistics","https:\/\/www.instagram.com\/marchlogisticstr","https:\/\/www.linkedin.com\/company\/marchlogisticstr"]}]}},"uagb_featured_image_src":{"full":false,"thumbnail":false,"medium":false,"medium_large":false,"large":false,"1536x1536":false,"2048x2048":false},"uagb_author_info":{"display_name":"March Logistics","author_link":"https:\/\/www.marchlogistics.com.tr\/uz\/author\/march_sdfrvg34f\/"},"uagb_comment_info":0,"uagb_excerpt":null,"_links":{"self":[{"href":"https:\/\/www.marchlogistics.com.tr\/uz\/wp-json\/wp\/v2\/pages\/4176"}],"collection":[{"href":"https:\/\/www.marchlogistics.com.tr\/uz\/wp-json\/wp\/v2\/pages"}],"about":[{"href":"https:\/\/www.marchlogistics.com.tr\/uz\/wp-json\/wp\/v2\/types\/page"}],"author":[{"embeddable":true,"href":"https:\/\/www.marchlogistics.com.tr\/uz\/wp-json\/wp\/v2\/users\/1"}],"replies":[{"embeddable":true,"href":"https:\/\/www.marchlogistics.com.tr\/uz\/wp-json\/wp\/v2\/comments?post=4176"}],"version-history":[{"count":1,"href":"https:\/\/www.marchlogistics.com.tr\/uz\/wp-json\/wp\/v2\/pages\/4176\/revisions"}],"predecessor-version":[{"id":4177,"href":"https:\/\/www.marchlogistics.com.tr\/uz\/wp-json\/wp\/v2\/pages\/4176\/revisions\/4177"}],"wp:attachment":[{"href":"https:\/\/www.marchlogistics.com.tr\/uz\/wp-json\/wp\/v2\/media?parent=4176"}],"curies":[{"name":"wp","href":"https:\/\/api.w.org\/{rel}","templated":true}]}}